{"id":9,"date":"2021-08-18T14:54:22","date_gmt":"2021-08-18T14:54:22","guid":{"rendered":"https:\/\/superkami.games\/?page_id=9"},"modified":"2021-08-30T17:16:53","modified_gmt":"2021-08-30T17:16:53","slug":"kapital-zakladowy","status":"publish","type":"page","link":"https:\/\/superkami.games\/pl\/investor-relations\/kapital-zakladowy\/","title":{"rendered":"Kapita\u0142 zak\u0142adowy"},"content":{"rendered":"\n<p>Kapita\u0142 zak\u0142adowy sp\u00f3\u0142ki wynosi 100.000,00 z\u0142otych i dzieli si\u0119 na 10.000.000 akcji o nominalnej warto\u015bci 0,01 z\u0142otych ka\u017cda, w ca\u0142o\u015bci op\u0142aconych.<\/p>\n","protected":false},"excerpt":{"rendered":"<p>Kapita\u0142 zak\u0142adowy sp\u00f3\u0142ki wynosi 100.000,00 z\u0142otych i dzieli si\u0119 na 10.000.000 akcji o nominalnej warto\u015bci 0,01 z\u0142otych ka\u017cda, w ca\u0142o\u015bci op\u0142aconych.<\/p>\n","protected":false},"author":1,"featured_media":0,"parent":18,"menu_order":0,"comment_status":"closed","ping_status":"closed","template":"template-iteratorshq-subpage.php","meta":{"footnotes":""},"class_list":["post-9","page","type-page","status-publish","hentry"],"translation":{"provider":"WPGlobus","version":"2.8.2","language":"pl","enabled_languages":["en","pl"],"languages":{"en":{"title":true,"content":true,"excerpt":false},"pl":{"title":false,"content":false,"excerpt":false}}},"_links":{"self":[{"href":"https:\/\/superkami.games\/pl\/wp-json\/wp\/v2\/pages\/9","targetHints":{"allow":["GET"]}}],"collection":[{"href":"https:\/\/superkami.games\/pl\/wp-json\/wp\/v2\/pages"}],"about":[{"href":"https:\/\/superkami.games\/pl\/wp-json\/wp\/v2\/types\/page"}],"author":[{"embeddable":true,"href":"https:\/\/superkami.games\/pl\/wp-json\/wp\/v2\/users\/1"}],"replies":[{"embeddable":true,"href":"https:\/\/superkami.games\/pl\/wp-json\/wp\/v2\/comments?post=9"}],"version-history":[{"count":2,"href":"https:\/\/superkami.games\/pl\/wp-json\/wp\/v2\/pages\/9\/revisions"}],"predecessor-version":[{"id":51,"href":"https:\/\/superkami.games\/pl\/wp-json\/wp\/v2\/pages\/9\/revisions\/51"}],"up":[{"embeddable":true,"href":"https:\/\/superkami.games\/pl\/wp-json\/wp\/v2\/pages\/18"}],"wp:attachment":[{"href":"https:\/\/superkami.games\/pl\/wp-json\/wp\/v2\/media?parent=9"}],"curies":[{"name":"wp","href":"https:\/\/api.w.org\/{rel}","templated":true}]}}