{"id":24,"date":"2021-08-18T15:01:03","date_gmt":"2021-08-18T15:01:03","guid":{"rendered":"https:\/\/superkami.games\/?page_id=24"},"modified":"2022-06-17T07:36:50","modified_gmt":"2022-06-17T07:36:50","slug":"aktualnosci","status":"publish","type":"page","link":"https:\/\/superkami.games\/pl\/investor-relations\/aktualnosci\/","title":{"rendered":"Aktualno\u015bci"},"content":{"rendered":"\n<p><\/p>\n\n\n\n<p><\/p>\n\n\n\n<p>Informujemy, \u017ce w dniu 08.06.2022 r. Rada Nadzorcza Superkami SA dokona\u0142a wyboru bieg\u0142ego rewidenta do zbadania sprawozdania finansowego Sp\u00f3\u0142ki za rok 2021 i 2022. Na bieg\u0142ego rewidenta zosta\u0142a wybrana sp\u00f3\u0142ka \u201ePremium Audyt\u201d sp. z o.o. z siedzib\u0105 w Poznaniu (61-102) przy ul. Czartoria 1\/1, numer KRS: 0000540136.<\/p>\n\n\n\n<p><\/p>\n\n\n\n<p>Informujemy, \u017ce dnia 07.12.2021 r. Pan\u00a0Damian\u00a0Szyma\u0144ski z\u0142o\u017cy\u0142 rezygnacj\u0119 z pe\u0142nienia funkcji cz\u0142onka zarz\u0105du z dniem 12.12.2021 r.\u00a0<\/p>\n","protected":false},"excerpt":{"rendered":"<p>Informujemy, \u017ce w dniu 08.06.2022 r. Rada Nadzorcza Superkami SA dokona\u0142a wyboru bieg\u0142ego rewidenta do zbadania sprawozdania finansowego Sp\u00f3\u0142ki za rok 2021 i 2022. Na bieg\u0142ego rewidenta zosta\u0142a&hellip;<\/p>\n","protected":false},"author":1,"featured_media":0,"parent":18,"menu_order":0,"comment_status":"closed","ping_status":"closed","template":"template-iteratorshq-subpage.php","meta":{"footnotes":""},"class_list":["post-24","page","type-page","status-publish","hentry"],"translation":{"provider":"WPGlobus","version":"2.8.2","language":"pl","enabled_languages":["en","pl"],"languages":{"en":{"title":true,"content":true,"excerpt":false},"pl":{"title":false,"content":false,"excerpt":false}}},"_links":{"self":[{"href":"https:\/\/superkami.games\/pl\/wp-json\/wp\/v2\/pages\/24","targetHints":{"allow":["GET"]}}],"collection":[{"href":"https:\/\/superkami.games\/pl\/wp-json\/wp\/v2\/pages"}],"about":[{"href":"https:\/\/superkami.games\/pl\/wp-json\/wp\/v2\/types\/page"}],"author":[{"embeddable":true,"href":"https:\/\/superkami.games\/pl\/wp-json\/wp\/v2\/users\/1"}],"replies":[{"embeddable":true,"href":"https:\/\/superkami.games\/pl\/wp-json\/wp\/v2\/comments?post=24"}],"version-history":[{"count":4,"href":"https:\/\/superkami.games\/pl\/wp-json\/wp\/v2\/pages\/24\/revisions"}],"predecessor-version":[{"id":116,"href":"https:\/\/superkami.games\/pl\/wp-json\/wp\/v2\/pages\/24\/revisions\/116"}],"up":[{"embeddable":true,"href":"https:\/\/superkami.games\/pl\/wp-json\/wp\/v2\/pages\/18"}],"wp:attachment":[{"href":"https:\/\/superkami.games\/pl\/wp-json\/wp\/v2\/media?parent=24"}],"curies":[{"name":"wp","href":"https:\/\/api.w.org\/{rel}","templated":true}]}}