{"id":20,"date":"2021-08-18T14:59:55","date_gmt":"2021-08-18T14:59:55","guid":{"rendered":"https:\/\/superkami.games\/?page_id=20"},"modified":"2022-05-10T07:20:24","modified_gmt":"2022-05-10T07:20:24","slug":"organy-spolki","status":"publish","type":"page","link":"https:\/\/superkami.games\/pl\/investor-relations\/organy-spolki\/","title":{"rendered":"Organy Sp\u00f3lki"},"content":{"rendered":"\n<p><strong>Zarz\u0105d<\/strong><\/p>\n\n\n\n<p><strong>Jan Cie\u015blar<\/strong><em> \u2013 <\/em>prezes zarz\u0105du<\/p>\n\n\n\n<p><\/p>\n\n\n\n<p>Zanim rozpocz\u0105\u0142 prace w gamedevie, pracowa\u0142 jako senior creative w mi\u0119dzynarodowych agencjach reklamowych dla takich klient\u00f3w jak Samsung, Disney, Ikea czy MTV a tak\u017ce organizacji charytatywnych takich jak Polski Czerwony Krzy\u017c i Rak\u2019N\u2019Roll \u2013 wygraj \u017cycie. Jego kampanie z pogranicza nowych technologii (druk 3d, gry, virale) by\u0142y szeroko komentowane w polskich i zagranicznych mediach oraz zdoby\u0142y ponad 60 nagr\u00f3d i wyr\u00f3\u017cnie\u0144 na festiwalach bran\u017cowych, w tym w Cannes Lions, Clio, One Show czy Eurobest. Czyni go to jednym z najbardziej nagradzanych kreatywnych w Polsce. Kampania \u201eTatua\u017ce Wolno\u015bci\u201d stworzona dla szko\u0142y Pedagogium za nieca\u0142e 30 tys. z\u0142otych osi\u0105gn\u0119\u0142a 3.5 mln z\u0142otych Earned Media i Media Reach na poziomie 66 milion\u00f3w odbiorc\u00f3w.<\/p>\n\n\n\n<p>Wsp\u00f3\u0142tworzona przez niego instalacja-gra \u201eSpirit Animals\u201d by\u0142a pokazywana w londy\u0144skiej galerii Calvert 22, wystawia\u0142 tak\u017ce w Berlinie instalacj\u0119 VR \u201eNowosphere\u201d w ramach stypendium Brain3 i festiwalu A-Maze.<\/p>\n\n\n\n<p>W 2017 roku za\u0142o\u017cy\u0142 sp\u00f3\u0142k\u0119 Failcore, kt\u00f3ra stworzy\u0142a i wyda\u0142a gr\u0119 \u201eInvisible Fist\u201d na PC i Switch. Od 2021 roku jest CEO i wsp\u00f3\u0142za\u0142o\u017cycielem sp\u00f3\u0142ki Superkami S.A.<\/p>\n\n\n\n<p><\/p>\n\n\n\n<p><strong>Rada Nadzorcza<\/strong><\/p>\n\n\n\n<p><strong>Matthias Wuensche<\/strong> \u2013 przewodnicz\u0105cy Rady Nadzorczej<\/p>\n\n\n\n<p><strong>Felix Regehr<\/strong> \u2013 cz\u0142onek Rady Nadzorczej<\/p>\n\n\n\n<p><strong>Jan Micha\u0142 Stasz<\/strong> \u2013 cz\u0142onek Rady Nadzorczej<\/p>\n\n\n\n<p><strong>Sylwia Zarzycka<\/strong> \u2013 cz\u0142onek Rady Nadzorczej<\/p>\n","protected":false},"excerpt":{"rendered":"<p>Zarz\u0105d Jan Cie\u015blar \u2013 prezes zarz\u0105du Zanim rozpocz\u0105\u0142 prace w gamedevie, pracowa\u0142 jako senior creative w mi\u0119dzynarodowych agencjach reklamowych dla takich klient\u00f3w jak Samsung, Disney, Ikea czy MTV&hellip;<\/p>\n","protected":false},"author":1,"featured_media":0,"parent":18,"menu_order":0,"comment_status":"closed","ping_status":"closed","template":"template-iteratorshq-subpage.php","meta":{"footnotes":""},"class_list":["post-20","page","type-page","status-publish","hentry"],"translation":{"provider":"WPGlobus","version":"2.8.2","language":"pl","enabled_languages":["en","pl"],"languages":{"en":{"title":true,"content":true,"excerpt":false},"pl":{"title":false,"content":false,"excerpt":false}}},"_links":{"self":[{"href":"https:\/\/superkami.games\/pl\/wp-json\/wp\/v2\/pages\/20","targetHints":{"allow":["GET"]}}],"collection":[{"href":"https:\/\/superkami.games\/pl\/wp-json\/wp\/v2\/pages"}],"about":[{"href":"https:\/\/superkami.games\/pl\/wp-json\/wp\/v2\/types\/page"}],"author":[{"embeddable":true,"href":"https:\/\/superkami.games\/pl\/wp-json\/wp\/v2\/users\/1"}],"replies":[{"embeddable":true,"href":"https:\/\/superkami.games\/pl\/wp-json\/wp\/v2\/comments?post=20"}],"version-history":[{"count":7,"href":"https:\/\/superkami.games\/pl\/wp-json\/wp\/v2\/pages\/20\/revisions"}],"predecessor-version":[{"id":110,"href":"https:\/\/superkami.games\/pl\/wp-json\/wp\/v2\/pages\/20\/revisions\/110"}],"up":[{"embeddable":true,"href":"https:\/\/superkami.games\/pl\/wp-json\/wp\/v2\/pages\/18"}],"wp:attachment":[{"href":"https:\/\/superkami.games\/pl\/wp-json\/wp\/v2\/media?parent=20"}],"curies":[{"name":"wp","href":"https:\/\/api.w.org\/{rel}","templated":true}]}}