{"id":18,"date":"2021-08-18T14:56:44","date_gmt":"2021-08-18T14:56:44","guid":{"rendered":"https:\/\/superkami.games\/?page_id=18"},"modified":"2021-09-06T18:53:44","modified_gmt":"2021-09-06T18:53:44","slug":"investor-relations","status":"publish","type":"page","link":"https:\/\/superkami.games\/pl\/investor-relations\/","title":{"rendered":"Relacje Inwestorskie"},"content":{"rendered":"\n<p>Tu znajdziesz informacje, kt\u00f3re mog\u0105 zainteresowa\u0107 naszych inwestor\u00f3w.<\/p>\n","protected":false},"excerpt":{"rendered":"<p>Tu znajdziesz informacje, kt\u00f3re mog\u0105 zainteresowa\u0107 naszych inwestor\u00f3w.<\/p>\n","protected":false},"author":1,"featured_media":0,"parent":0,"menu_order":0,"comment_status":"closed","ping_status":"closed","template":"template-iteratorshq-subpage.php","meta":{"footnotes":""},"class_list":["post-18","page","type-page","status-publish","hentry"],"translation":{"provider":"WPGlobus","version":"2.8.2","language":"pl","enabled_languages":["en","pl"],"languages":{"en":{"title":true,"content":true,"excerpt":false},"pl":{"title":true,"content":true,"excerpt":false}}},"_links":{"self":[{"href":"https:\/\/superkami.games\/pl\/wp-json\/wp\/v2\/pages\/18","targetHints":{"allow":["GET"]}}],"collection":[{"href":"https:\/\/superkami.games\/pl\/wp-json\/wp\/v2\/pages"}],"about":[{"href":"https:\/\/superkami.games\/pl\/wp-json\/wp\/v2\/types\/page"}],"author":[{"embeddable":true,"href":"https:\/\/superkami.games\/pl\/wp-json\/wp\/v2\/users\/1"}],"replies":[{"embeddable":true,"href":"https:\/\/superkami.games\/pl\/wp-json\/wp\/v2\/comments?post=18"}],"version-history":[{"count":3,"href":"https:\/\/superkami.games\/pl\/wp-json\/wp\/v2\/pages\/18\/revisions"}],"predecessor-version":[{"id":67,"href":"https:\/\/superkami.games\/pl\/wp-json\/wp\/v2\/pages\/18\/revisions\/67"}],"wp:attachment":[{"href":"https:\/\/superkami.games\/pl\/wp-json\/wp\/v2\/media?parent=18"}],"curies":[{"name":"wp","href":"https:\/\/api.w.org\/{rel}","templated":true}]}}