{"id":16,"date":"2021-08-18T14:56:20","date_gmt":"2021-08-18T14:56:20","guid":{"rendered":"https:\/\/superkami.games\/?page_id=16"},"modified":"2021-12-01T12:43:23","modified_gmt":"2021-12-01T12:43:23","slug":"walne-zgromadzenie-akcjonariuszy","status":"publish","type":"page","link":"https:\/\/superkami.games\/pl\/investor-relations\/walne-zgromadzenie-akcjonariuszy\/","title":{"rendered":"Walne zgromadzenie akcjonariuszy"},"content":{"rendered":"\n<p><\/p>\n\n\n\n<p><strong>Nadzwyczajne Walne Zgromadzenie Akcjonariuszy w dniu 29.09.2021 r.<\/strong><\/p>\n\n\n\n<p>Informujemy, \u017ce Nadzwyczajne Walne Zgromadzenie Akcjonariuszy podczas posiedzenia, kt\u00f3re odby\u0142o si\u0119 w dniu 29 wrze\u015bnia 2021 roku podj\u0119\u0142o uchwa\u0142\u0119 w sprawie uchylenia o\u015bwiadczenia za\u0142o\u017cycieli o wyborze Domu Maklerskiego \u201eNavigator\u201d S.A. z siedzib\u0105 w Warszawie do prowadzenia rejestru akcjonariuszy Sp\u00f3\u0142ki oraz uchwa\u0142\u0119 o wyborze Domu Maklerskiego BDM S.A. z siedzib\u0105 w Bielsku Bia\u0142ej jako podmiotu wyznaczonego do prowadzenia rejestru akcjonariuszy Sp\u00f3\u0142ki.<\/p>\n\n\n\n<p>Tre\u015b\u0107 uchwa\u0142:<\/p>\n\n\n\n<p>\u201eNadzwyczajne Walne Zgromadzenie sp\u00f3\u0142ki \u201eSuperkami\u201d SA z siedzib\u0105 w Warszawie uchyla o\u015bwiadczenie za\u0142o\u017cycieli Sp\u00f3\u0142ki z dnia 6 maja 2021 roku o wyborze Domu Maklerskiego \u201eNavigator\u201d S.A. z siedzib\u0105 w Warszawie jako podmiotu prowadz\u0105cego rejestr akcjonariuszy\u201d<\/p>\n\n\n\n<p>\u201eDzia\u0142aj\u0105c na podstawie art. 328 par. 5 k.s.h., Nadzwyczajne Walne Zgromadzenie sp\u00f3\u0142ki pod firm\u0105 \u201eSuperkami\u201d S.A. z siedzib\u0105 w Warszawie wybiera Dom Maklerski BDM S.A. z siedzib\u0105 w Bielsku Bia\u0142ej (KRS 0000008665) jako podmiot prowadz\u0105cy rejestr akcjonariuszy Sp\u00f3\u0142ki\u201d<\/p>\n\n\n\n<p><\/p>\n\n\n\n<p><strong>Nadzwyczajne Walne Zgromadzenie Akcjonariuszy w dniu 12.07.2021 r.<\/strong><\/p>\n\n\n\n<p>Informujemy, \u017ce Nadzwyczajne Walne Zgromadzenie Akcjonariuszy podczas posiedzenia, kt\u00f3re odby\u0142o si\u0119 w dniu 12 lipca 2021 roku podj\u0119\u0142o uchwa\u0142\u0119 o powo\u0142aniu Pana Damiana Szyma\u0144skiego na cz\u0142onka Rady Nadzorczej Sp\u00f3\u0142ki. Pan Przemys\u0142aw Marmul z\u0142o\u017cy\u0142 rezygnacj\u0119 z pe\u0142nienia funkcji cz\u0142onka Rady Nadzorczej. Na posiedzeniu tym Nadzwyczajne Zgromadzenia Akcjonariuszy uchwali\u0142o r\u00f3wnie\u017c Regulamin Walnego Zgromadzenia oraz Regulamin Rady Nadzorczej.<\/p>\n","protected":false},"excerpt":{"rendered":"<p>Nadzwyczajne Walne Zgromadzenie Akcjonariuszy w dniu 29.09.2021 r. Informujemy, \u017ce Nadzwyczajne Walne Zgromadzenie Akcjonariuszy podczas posiedzenia, kt\u00f3re odby\u0142o si\u0119 w dniu 29 wrze\u015bnia 2021 roku podj\u0119\u0142o uchwa\u0142\u0119 w&hellip;<\/p>\n","protected":false},"author":1,"featured_media":0,"parent":18,"menu_order":0,"comment_status":"closed","ping_status":"closed","template":"template-iteratorshq-subpage.php","meta":{"footnotes":""},"class_list":["post-16","page","type-page","status-publish","hentry"],"translation":{"provider":"WPGlobus","version":"2.8.2","language":"pl","enabled_languages":["en","pl"],"languages":{"en":{"title":true,"content":true,"excerpt":false},"pl":{"title":false,"content":false,"excerpt":false}}},"_links":{"self":[{"href":"https:\/\/superkami.games\/pl\/wp-json\/wp\/v2\/pages\/16","targetHints":{"allow":["GET"]}}],"collection":[{"href":"https:\/\/superkami.games\/pl\/wp-json\/wp\/v2\/pages"}],"about":[{"href":"https:\/\/superkami.games\/pl\/wp-json\/wp\/v2\/types\/page"}],"author":[{"embeddable":true,"href":"https:\/\/superkami.games\/pl\/wp-json\/wp\/v2\/users\/1"}],"replies":[{"embeddable":true,"href":"https:\/\/superkami.games\/pl\/wp-json\/wp\/v2\/comments?post=16"}],"version-history":[{"count":3,"href":"https:\/\/superkami.games\/pl\/wp-json\/wp\/v2\/pages\/16\/revisions"}],"predecessor-version":[{"id":78,"href":"https:\/\/superkami.games\/pl\/wp-json\/wp\/v2\/pages\/16\/revisions\/78"}],"up":[{"embeddable":true,"href":"https:\/\/superkami.games\/pl\/wp-json\/wp\/v2\/pages\/18"}],"wp:attachment":[{"href":"https:\/\/superkami.games\/pl\/wp-json\/wp\/v2\/media?parent=16"}],"curies":[{"name":"wp","href":"https:\/\/api.w.org\/{rel}","templated":true}]}}