{"id":14,"date":"2021-08-18T14:56:05","date_gmt":"2021-08-18T14:56:05","guid":{"rendered":"https:\/\/superkami.games\/?page_id=14"},"modified":"2025-04-07T06:05:27","modified_gmt":"2025-04-07T06:05:27","slug":"kontakt-dla-akcjonariuszy","status":"publish","type":"page","link":"https:\/\/superkami.games\/pl\/investor-relations\/kontakt-dla-akcjonariuszy\/","title":{"rendered":"Kontakt dla akcjonariuszy"},"content":{"rendered":"\n<p>Informujemy, \u017ce w akcie zawi\u0105zania Sp\u00f3\u0142ki Superkami SA z dnia 06.05.2021 r. za\u0142o\u017cyciele, dzia\u0142aj\u0105c na podstawie art. 3<\/p>\n\n\n\n<p>Superkami Sp\u00f3\u0142ka Akcyjna<\/p>\n\n\n\n<p>z siedzib\u0105 w Warszawie (00-682), ul. Ho\u017ca 86 \/ 410<\/p>\n\n\n\n<p>e-mail: hello@superkami.games<\/p>\n\n\n\n<p>zarejestrowana w rejestrze przedsi\u0119biorc\u00f3w S\u0105du Rejonowego dla M. St. Warszawy, XIII Wydzia\u0142 Gospodarczy Krajowego Rejestru S\u0105dowego, pod numerem KRS 0000908392, NIP: 5213933623, REGON: 389387121.<\/p>\n\n\n\n<p>Kapita\u0142 zak\u0142adowy: 100.000,00 z\u0142<\/p>\n\n\n\n<p><\/p>\n","protected":false},"excerpt":{"rendered":"<p>Informujemy, \u017ce w akcie zawi\u0105zania Sp\u00f3\u0142ki Superkami SA z dnia 06.05.2021 r. za\u0142o\u017cyciele, dzia\u0142aj\u0105c na podstawie art. 3 Superkami Sp\u00f3\u0142ka Akcyjna z siedzib\u0105 w Warszawie (00-682), ul. Ho\u017ca&hellip;<\/p>\n","protected":false},"author":1,"featured_media":0,"parent":18,"menu_order":0,"comment_status":"closed","ping_status":"closed","template":"template-iteratorshq-subpage.php","meta":{"footnotes":""},"class_list":["post-14","page","type-page","status-publish","hentry"],"translation":{"provider":"WPGlobus","version":"2.8.2","language":"pl","enabled_languages":["en","pl"],"languages":{"en":{"title":true,"content":true,"excerpt":false},"pl":{"title":false,"content":false,"excerpt":false}}},"_links":{"self":[{"href":"https:\/\/superkami.games\/pl\/wp-json\/wp\/v2\/pages\/14","targetHints":{"allow":["GET"]}}],"collection":[{"href":"https:\/\/superkami.games\/pl\/wp-json\/wp\/v2\/pages"}],"about":[{"href":"https:\/\/superkami.games\/pl\/wp-json\/wp\/v2\/types\/page"}],"author":[{"embeddable":true,"href":"https:\/\/superkami.games\/pl\/wp-json\/wp\/v2\/users\/1"}],"replies":[{"embeddable":true,"href":"https:\/\/superkami.games\/pl\/wp-json\/wp\/v2\/comments?post=14"}],"version-history":[{"count":3,"href":"https:\/\/superkami.games\/pl\/wp-json\/wp\/v2\/pages\/14\/revisions"}],"predecessor-version":[{"id":122,"href":"https:\/\/superkami.games\/pl\/wp-json\/wp\/v2\/pages\/14\/revisions\/122"}],"up":[{"embeddable":true,"href":"https:\/\/superkami.games\/pl\/wp-json\/wp\/v2\/pages\/18"}],"wp:attachment":[{"href":"https:\/\/superkami.games\/pl\/wp-json\/wp\/v2\/media?parent=14"}],"curies":[{"name":"wp","href":"https:\/\/api.w.org\/{rel}","templated":true}]}}