{"id":12,"date":"2021-08-18T14:55:46","date_gmt":"2021-08-18T14:55:46","guid":{"rendered":"https:\/\/superkami.games\/?page_id=12"},"modified":"2021-12-01T12:40:16","modified_gmt":"2021-12-01T12:40:16","slug":"dematerializacja-akcji","status":"publish","type":"page","link":"https:\/\/superkami.games\/pl\/investor-relations\/dematerializacja-akcji\/","title":{"rendered":"Dematerializacja akcji"},"content":{"rendered":"\n<p>Informujemy, \u017ce Nadzwyczajne Walne Zgromadzenie Akcjonariuszy podczas posiedzenia, kt\u00f3re odby\u0142o si\u0119 w dniu 29 wrze\u015bnia 2021 roku podj\u0119\u0142o uchwa\u0142\u0119 w sprawie uchylenia o\u015bwiadczenia za\u0142o\u017cycieli o wyborze Domu Maklerskiego \u201eNavigator\u201d S.A. z siedzib\u0105 w Warszawie do prowadzenia rejestru akcjonariuszy Sp\u00f3\u0142ki oraz uchwa\u0142\u0119 o wyborze Domu Maklerskiego BDM S.A. (KRS 0000008665) z siedzib\u0105 w Bielsku Bia\u0142ej jako podmiotu wyznaczonego do prowadzenia rejestru akcjonariuszy Sp\u00f3\u0142ki.<\/p>\n\n\n\n<p>Regulamin i tabela op\u0142at Domu Maklerskiego BDM SA:<\/p>\n\n\n\n<div data-wp-interactive=\"core\/file\" class=\"wp-block-file\"><object data-wp-bind--hidden=\"!state.hasPdfPreview\" hidden class=\"wp-block-file__embed\" data=\"https:\/\/superkami.games\/wp-content\/uploads\/2021\/12\/BDM-Regulamin.pdf\" type=\"application\/pdf\" style=\"width:100%;height:600px\" aria-label=\"Embed of Embed of BDM-Regulamin..\"><\/object><a href=\"https:\/\/superkami.games\/wp-content\/uploads\/2021\/12\/BDM-Regulamin.pdf\">BDM-Regulamin<\/a><a href=\"https:\/\/superkami.games\/wp-content\/uploads\/2021\/12\/BDM-Regulamin.pdf\" class=\"wp-block-file__button\" download>Download<\/a><\/div>\n\n\n\n<div data-wp-interactive=\"core\/file\" class=\"wp-block-file\"><object data-wp-bind--hidden=\"!state.hasPdfPreview\" hidden class=\"wp-block-file__embed\" data=\"https:\/\/superkami.games\/wp-content\/uploads\/2021\/12\/BDM-Tabela-Oplat-i-Prowizji.pdf\" type=\"application\/pdf\" style=\"width:100%;height:600px\" aria-label=\"Embed of Embed of BDM-Tabela-Oplat-i-Prowizji..\"><\/object><a href=\"https:\/\/superkami.games\/wp-content\/uploads\/2021\/12\/BDM-Tabela-Oplat-i-Prowizji.pdf\">BDM-Tabela-Oplat-i-Prowizji<\/a><a href=\"https:\/\/superkami.games\/wp-content\/uploads\/2021\/12\/BDM-Tabela-Oplat-i-Prowizji.pdf\" class=\"wp-block-file__button\" download>Download<\/a><\/div>\n\n\n\n<p><\/p>\n\n\n\n<p>Informujemy, \u017ce w akcie zawi\u0105zania Sp\u00f3\u0142ki Superkami SA z dnia 06.05.2021 r. za\u0142o\u017cyciele, dzia\u0142aj\u0105c na podstawie art. 328, par. 5 ustawy z dnia 15 wrze\u015bnia 2000 r. \u2013 Kodeks sp\u00f3\u0142ek handlowych o\u015bwiadczaj\u0105, \u017ce podmiotem prowadz\u0105cym rejestr akcjonariuszy Sp\u00f3\u0142ki b\u0119dzie Dom Maklerski NAVIGATOR Sp\u00f3\u0142ka Akcyjna z siedzib\u0105 w Warszawie\u00a0 (KRS nr 0000274307).<\/p>\n","protected":false},"excerpt":{"rendered":"<p>Informujemy, \u017ce Nadzwyczajne Walne Zgromadzenie Akcjonariuszy podczas posiedzenia, kt\u00f3re odby\u0142o si\u0119 w dniu 29 wrze\u015bnia 2021 roku podj\u0119\u0142o uchwa\u0142\u0119 w sprawie uchylenia o\u015bwiadczenia za\u0142o\u017cycieli o wyborze Domu Maklerskiego&hellip;<\/p>\n","protected":false},"author":1,"featured_media":0,"parent":18,"menu_order":0,"comment_status":"closed","ping_status":"closed","template":"template-iteratorshq-subpage.php","meta":{"footnotes":""},"class_list":["post-12","page","type-page","status-publish","hentry"],"translation":{"provider":"WPGlobus","version":"2.8.2","language":"pl","enabled_languages":["en","pl"],"languages":{"en":{"title":true,"content":true,"excerpt":false},"pl":{"title":false,"content":false,"excerpt":false}}},"_links":{"self":[{"href":"https:\/\/superkami.games\/pl\/wp-json\/wp\/v2\/pages\/12","targetHints":{"allow":["GET"]}}],"collection":[{"href":"https:\/\/superkami.games\/pl\/wp-json\/wp\/v2\/pages"}],"about":[{"href":"https:\/\/superkami.games\/pl\/wp-json\/wp\/v2\/types\/page"}],"author":[{"embeddable":true,"href":"https:\/\/superkami.games\/pl\/wp-json\/wp\/v2\/users\/1"}],"replies":[{"embeddable":true,"href":"https:\/\/superkami.games\/pl\/wp-json\/wp\/v2\/comments?post=12"}],"version-history":[{"count":3,"href":"https:\/\/superkami.games\/pl\/wp-json\/wp\/v2\/pages\/12\/revisions"}],"predecessor-version":[{"id":77,"href":"https:\/\/superkami.games\/pl\/wp-json\/wp\/v2\/pages\/12\/revisions\/77"}],"up":[{"embeddable":true,"href":"https:\/\/superkami.games\/pl\/wp-json\/wp\/v2\/pages\/18"}],"wp:attachment":[{"href":"https:\/\/superkami.games\/pl\/wp-json\/wp\/v2\/media?parent=12"}],"curies":[{"name":"wp","href":"https:\/\/api.w.org\/{rel}","templated":true}]}}